{"id":49,"date":"2021-05-01T21:36:29","date_gmt":"2021-05-02T01:36:29","guid":{"rendered":"http:\/\/localhost\/desen\/?page_id=49"},"modified":"2021-06-10T16:00:31","modified_gmt":"2021-06-10T20:00:31","slug":"quem-somos","status":"publish","type":"page","link":"https:\/\/policontecnologia.com.br\/?page_id=49","title":{"rendered":"Quem Somos"},"content":{"rendered":"\n<div class=\"wp-block-columns is-layout-flex wp-container-core-columns-is-layout-9d6595d7 wp-block-columns-is-layout-flex\">\n<div class=\"wp-block-column is-layout-flow wp-block-column-is-layout-flow\" style=\"flex-basis:33.33%\">\n<p><img loading=\"lazy\" decoding=\"async\" width=\"250\" height=\"72\" class=\"wp-image-198\" style=\"width: 250px;\" src=\"http:\/\/policontecnologia.com.br\/wp-content\/uploads\/2021\/05\/Logo2-1.png\" alt=\"\" srcset=\"https:\/\/policontecnologia.com.br\/wp-content\/uploads\/2021\/05\/Logo2-1.png 419w, https:\/\/policontecnologia.com.br\/wp-content\/uploads\/2021\/05\/Logo2-1-300x86.png 300w\" sizes=\"auto, (max-width: 250px) 100vw, 250px\" \/><\/p>\n<\/div>\n\n\n\n<div class=\"wp-block-column is-layout-flow wp-block-column-is-layout-flow\" style=\"flex-basis:66.66%\">\n<p class=\"has-text-color\" style=\"color:#808080\">A<strong> POLICON<\/strong> \u00e9 uma empresa situada na Capital Mato-Grossense, fundada em 2019, destinada a Presta\u00e7\u00e3o de servi\u00e7os de Assessoria, Auditoria, Consultoria, Planejamento e Informatiza\u00e7\u00e3o, tendo como foco principal de atendimento a administra\u00e7\u00e3o p\u00fablica municipal.<\/p>\n\n\n\n<p class=\"has-text-color\" style=\"color:#808080\">Nesse sentido, o desempenho hist\u00f3rico da empresa tem representado Excel\u00eancia em Administra\u00e7\u00e3o P\u00fablica, contribuindo para o fortalecimento da institui\u00e7\u00e3o p\u00fablica no cumprimento de suas finalidades.<\/p>\n\n\n\n<p class=\"has-text-color\" style=\"color:#808080\">Tem como premissa o atendimento com qualidade e a satisfa\u00e7\u00e3o de seus clientes, com proposta e solu\u00e7\u00f5es claras e \u00e1geis, permitindo ao administrador uma decis\u00e3o eficaz.<\/p>\n\n\n\n<p class=\"has-text-color\" style=\"color:#808080\">Baseada na valoriza\u00e7\u00e3o do ser humano, busca unir os recursos da tecnologia da informa\u00e7\u00e3o com talento profissional, o que tem elevado cada vez mais a fideliza\u00e7\u00e3o e a quantidade de clientes.<\/p>\n\n\n\n<p class=\"has-text-color\" style=\"color:#808080\">\u00c9 por essa organiza\u00e7\u00e3o e diversifica\u00e7\u00e3o que a <strong>POLICON<\/strong> est\u00e1 numa c\u00e9lebre expans\u00e3o de seus produtos e servi\u00e7os, com tend\u00eancia para conquistar a demanda em outros segmentos, diferenciando-se por seu foco: satisfa\u00e7\u00e3o do cliente com qualidade e baixo custo.<\/p>\n<\/div>\n<\/div>\n","protected":false},"excerpt":{"rendered":"<p>A POLICON \u00e9 uma empresa situada na Capital Mato-Grossense, fundada em 2019, destinada a Presta\u00e7\u00e3o de servi\u00e7os de Assessoria, Auditoria, Consultoria, Planejamento e Informatiza\u00e7\u00e3o, tendo como foco principal de atendimento a administra\u00e7\u00e3o p\u00fablica municipal. Nesse sentido, o desempenho hist\u00f3rico da empresa tem representado Excel\u00eancia em Administra\u00e7\u00e3o P\u00fablica, contribuindo para o fortalecimento da institui\u00e7\u00e3o p\u00fablica no [&hellip;]<\/p>\n","protected":false},"author":1,"featured_media":0,"parent":0,"menu_order":0,"comment_status":"closed","ping_status":"closed","template":"","meta":{"_joinchat":[],"footnotes":""},"class_list":["post-49","page","type-page","status-publish","hentry"],"yoast_head":"<!-- This site is optimized with the Yoast SEO plugin v27.5 - https:\/\/yoast.com\/product\/yoast-seo-wordpress\/ -->\n<title>Quem Somos -<\/title>\n<meta name=\"robots\" content=\"index, follow, max-snippet:-1, max-image-preview:large, max-video-preview:-1\" \/>\n<link rel=\"canonical\" href=\"https:\/\/policontecnologia.com.br\/?page_id=49\" \/>\n<script type=\"application\/ld+json\" class=\"yoast-schema-graph\">{\"@context\":\"https:\\\/\\\/schema.org\",\"@graph\":[{\"@type\":\"WebPage\",\"@id\":\"https:\\\/\\\/policontecnologia.com.br\\\/?page_id=49\",\"url\":\"https:\\\/\\\/policontecnologia.com.br\\\/?page_id=49\",\"name\":\"Quem Somos -\",\"isPartOf\":{\"@id\":\"https:\\\/\\\/policontecnologia.com.br\\\/#website\"},\"primaryImageOfPage\":{\"@id\":\"https:\\\/\\\/policontecnologia.com.br\\\/?page_id=49#primaryimage\"},\"image\":{\"@id\":\"https:\\\/\\\/policontecnologia.com.br\\\/?page_id=49#primaryimage\"},\"thumbnailUrl\":\"http:\\\/\\\/policontecnologia.com.br\\\/wp-content\\\/uploads\\\/2021\\\/05\\\/Logo2-1.png\",\"datePublished\":\"2021-05-02T01:36:29+00:00\",\"dateModified\":\"2021-06-10T20:00:31+00:00\",\"breadcrumb\":{\"@id\":\"https:\\\/\\\/policontecnologia.com.br\\\/?page_id=49#breadcrumb\"},\"inLanguage\":\"pt-BR\",\"potentialAction\":[{\"@type\":\"ReadAction\",\"target\":[\"https:\\\/\\\/policontecnologia.com.br\\\/?page_id=49\"]}]},{\"@type\":\"ImageObject\",\"inLanguage\":\"pt-BR\",\"@id\":\"https:\\\/\\\/policontecnologia.com.br\\\/?page_id=49#primaryimage\",\"url\":\"https:\\\/\\\/policontecnologia.com.br\\\/wp-content\\\/uploads\\\/2021\\\/05\\\/Logo2-1.png\",\"contentUrl\":\"https:\\\/\\\/policontecnologia.com.br\\\/wp-content\\\/uploads\\\/2021\\\/05\\\/Logo2-1.png\",\"width\":419,\"height\":120},{\"@type\":\"BreadcrumbList\",\"@id\":\"https:\\\/\\\/policontecnologia.com.br\\\/?page_id=49#breadcrumb\",\"itemListElement\":[{\"@type\":\"ListItem\",\"position\":1,\"name\":\"In\u00edcio\",\"item\":\"https:\\\/\\\/policontecnologia.com.br\\\/\"},{\"@type\":\"ListItem\",\"position\":2,\"name\":\"Quem Somos\"}]},{\"@type\":\"WebSite\",\"@id\":\"https:\\\/\\\/policontecnologia.com.br\\\/#website\",\"url\":\"https:\\\/\\\/policontecnologia.com.br\\\/\",\"name\":\"\",\"description\":\"Excel\u00eancia Em Administra\u00e7\u00e3o P\u00fablica\",\"potentialAction\":[{\"@type\":\"SearchAction\",\"target\":{\"@type\":\"EntryPoint\",\"urlTemplate\":\"https:\\\/\\\/policontecnologia.com.br\\\/?s={search_term_string}\"},\"query-input\":{\"@type\":\"PropertyValueSpecification\",\"valueRequired\":true,\"valueName\":\"search_term_string\"}}],\"inLanguage\":\"pt-BR\"}]}<\/script>\n<!-- \/ Yoast SEO plugin. -->","yoast_head_json":{"title":"Quem Somos -","robots":{"index":"index","follow":"follow","max-snippet":"max-snippet:-1","max-image-preview":"max-image-preview:large","max-video-preview":"max-video-preview:-1"},"canonical":"https:\/\/policontecnologia.com.br\/?page_id=49","schema":{"@context":"https:\/\/schema.org","@graph":[{"@type":"WebPage","@id":"https:\/\/policontecnologia.com.br\/?page_id=49","url":"https:\/\/policontecnologia.com.br\/?page_id=49","name":"Quem Somos -","isPartOf":{"@id":"https:\/\/policontecnologia.com.br\/#website"},"primaryImageOfPage":{"@id":"https:\/\/policontecnologia.com.br\/?page_id=49#primaryimage"},"image":{"@id":"https:\/\/policontecnologia.com.br\/?page_id=49#primaryimage"},"thumbnailUrl":"http:\/\/policontecnologia.com.br\/wp-content\/uploads\/2021\/05\/Logo2-1.png","datePublished":"2021-05-02T01:36:29+00:00","dateModified":"2021-06-10T20:00:31+00:00","breadcrumb":{"@id":"https:\/\/policontecnologia.com.br\/?page_id=49#breadcrumb"},"inLanguage":"pt-BR","potentialAction":[{"@type":"ReadAction","target":["https:\/\/policontecnologia.com.br\/?page_id=49"]}]},{"@type":"ImageObject","inLanguage":"pt-BR","@id":"https:\/\/policontecnologia.com.br\/?page_id=49#primaryimage","url":"https:\/\/policontecnologia.com.br\/wp-content\/uploads\/2021\/05\/Logo2-1.png","contentUrl":"https:\/\/policontecnologia.com.br\/wp-content\/uploads\/2021\/05\/Logo2-1.png","width":419,"height":120},{"@type":"BreadcrumbList","@id":"https:\/\/policontecnologia.com.br\/?page_id=49#breadcrumb","itemListElement":[{"@type":"ListItem","position":1,"name":"In\u00edcio","item":"https:\/\/policontecnologia.com.br\/"},{"@type":"ListItem","position":2,"name":"Quem Somos"}]},{"@type":"WebSite","@id":"https:\/\/policontecnologia.com.br\/#website","url":"https:\/\/policontecnologia.com.br\/","name":"","description":"Excel\u00eancia Em Administra\u00e7\u00e3o P\u00fablica","potentialAction":[{"@type":"SearchAction","target":{"@type":"EntryPoint","urlTemplate":"https:\/\/policontecnologia.com.br\/?s={search_term_string}"},"query-input":{"@type":"PropertyValueSpecification","valueRequired":true,"valueName":"search_term_string"}}],"inLanguage":"pt-BR"}]}},"_links":{"self":[{"href":"https:\/\/policontecnologia.com.br\/index.php?rest_route=\/wp\/v2\/pages\/49","targetHints":{"allow":["GET"]}}],"collection":[{"href":"https:\/\/policontecnologia.com.br\/index.php?rest_route=\/wp\/v2\/pages"}],"about":[{"href":"https:\/\/policontecnologia.com.br\/index.php?rest_route=\/wp\/v2\/types\/page"}],"author":[{"embeddable":true,"href":"https:\/\/policontecnologia.com.br\/index.php?rest_route=\/wp\/v2\/users\/1"}],"replies":[{"embeddable":true,"href":"https:\/\/policontecnologia.com.br\/index.php?rest_route=%2Fwp%2Fv2%2Fcomments&post=49"}],"version-history":[{"count":42,"href":"https:\/\/policontecnologia.com.br\/index.php?rest_route=\/wp\/v2\/pages\/49\/revisions"}],"predecessor-version":[{"id":726,"href":"https:\/\/policontecnologia.com.br\/index.php?rest_route=\/wp\/v2\/pages\/49\/revisions\/726"}],"wp:attachment":[{"href":"https:\/\/policontecnologia.com.br\/index.php?rest_route=%2Fwp%2Fv2%2Fmedia&parent=49"}],"curies":[{"name":"wp","href":"https:\/\/api.w.org\/{rel}","templated":true}]}}