{"id":1600,"date":"2023-11-23T06:06:57","date_gmt":"2023-11-23T10:06:57","guid":{"rendered":"http:\/\/policontecnologia.com.br\/?page_id=1600"},"modified":"2023-11-23T06:06:59","modified_gmt":"2023-11-23T10:06:59","slug":"politica-de-privacidade","status":"publish","type":"page","link":"https:\/\/policontecnologia.com.br\/?page_id=1600","title":{"rendered":"Pol\u00edtica de Privacidade"},"content":{"rendered":"\n<p><strong>Pol\u00edtica de Privacidade POLICON Tecnologia<\/strong><\/p>\n\n\n\n<p>A sua privacidade \u00e9 de extrema import\u00e2ncia para a POLICON Tecnologia. Comprometemo-nos a respeitar a sua privacidade em rela\u00e7\u00e3o a qualquer informa\u00e7\u00e3o pessoal que possamos coletar no site da POLICON Tecnologia e em outros sites associados.<\/p>\n\n\n\n<p><strong>Coleta de Informa\u00e7\u00f5es:<\/strong> Solicitamos informa\u00e7\u00f5es pessoais apenas quando estritamente necess\u00e1rio para fornecer servi\u00e7os de qualidade. Coletamos essas informa\u00e7\u00f5es de maneira justa e legal, com o seu conhecimento e consentimento. Informamos claramente o motivo da coleta e como as informa\u00e7\u00f5es ser\u00e3o utilizadas.<\/p>\n\n\n\n<p><strong>Armazenamento e Seguran\u00e7a:<\/strong> As informa\u00e7\u00f5es coletadas s\u00e3o retidas pelo tempo necess\u00e1rio para fornecer os servi\u00e7os solicitados. Garantimos prote\u00e7\u00e3o adequada contra perda, roubo, acesso n\u00e3o autorizado, divulga\u00e7\u00e3o, c\u00f3pia, uso ou modifica\u00e7\u00e3o n\u00e3o autorizados.<\/p>\n\n\n\n<p><strong>Compartilhamento de Informa\u00e7\u00f5es:<\/strong> N\u00e3o compartilhamos informa\u00e7\u00f5es de identifica\u00e7\u00e3o pessoal publicamente ou com terceiros, exceto quando exigido por lei. Ressaltamos que n\u00e3o temos controle sobre sites externos e n\u00e3o nos responsabilizamos por suas pol\u00edticas de privacidade.<\/p>\n\n\n\n<p><strong>Op\u00e7\u00e3o de Recusa:<\/strong> Voc\u00ea \u00e9 livre para recusar a fornecer informa\u00e7\u00f5es pessoais, entendendo que, nesse caso, alguns servi\u00e7os podem n\u00e3o estar dispon\u00edveis.<\/p>\n\n\n\n<p><strong>Aceita\u00e7\u00e3o das Pr\u00e1ticas de Privacidade:<\/strong> Ao continuar utilizando nosso site, voc\u00ea concorda com nossas pr\u00e1ticas de privacidade e tratamento de informa\u00e7\u00f5es pessoais. Em caso de d\u00favidas sobre o manuseio de dados do usu\u00e1rio, entre em contato conosco.<\/p>\n\n\n\n<p><strong>Pol\u00edtica de Cookies POLICON Tecnologia:<\/strong><\/p>\n\n\n\n<p><strong>O que s\u00e3o cookies?<\/strong> Este site utiliza cookies, pequenos arquivos baixados em seu computador, para aprimorar sua experi\u00eancia. Esta p\u00e1gina detalha as informa\u00e7\u00f5es coletadas, o uso e a possibilidade de desativa\u00e7\u00e3o desses cookies.<\/p>\n\n\n\n<p><strong>Uso de Cookies:<\/strong> Utilizamos cookies por diversos motivos, incluindo melhorias na experi\u00eancia do usu\u00e1rio. A desativa\u00e7\u00e3o de cookies pode afetar a funcionalidade do site, sendo recomend\u00e1vel mant\u00ea-los ativados, a menos que necess\u00e1rio.<\/p>\n\n\n\n<p><strong>Tipos de Cookies:<\/strong><\/p>\n\n\n\n<ul class=\"wp-block-list\">\n<li><strong>Cookies relacionados \u00e0 conta:<\/strong> Para gerenciamento de inscri\u00e7\u00f5es e administra\u00e7\u00e3o.<\/li>\n\n\n\n<li><strong>Cookies relacionados ao login:<\/strong> Facilitam o acesso, lembrando a\u00e7\u00f5es de login.<\/li>\n\n\n\n<li><strong>Cookies relacionados a boletins por e-mail:<\/strong> Utilizados para servi\u00e7os de assinatura.<\/li>\n\n\n\n<li><strong>Cookies relacionados a pesquisas e formul\u00e1rios:<\/strong> Recordam participa\u00e7\u00e3o em pesquisas e detalhes do usu\u00e1rio.<\/li>\n\n\n\n<li><strong>Cookies de prefer\u00eancias do site:<\/strong> Configuram prefer\u00eancias de intera\u00e7\u00e3o.<\/li>\n<\/ul>\n\n\n\n<p><strong>Cookies de Terceiros:<\/strong> Em alguns casos, usamos cookies de terceiros para an\u00e1lises e melhorias cont\u00ednuas.<\/p>\n\n\n\n<p><strong>Compromisso do Usu\u00e1rio:<\/strong> O usu\u00e1rio compromete-se a utilizar os conte\u00fados do site de forma adequada, sem atividades ilegais ou prejudiciais.<\/p>\n\n\n\n<p><strong>Mais Informa\u00e7\u00f5es:<\/strong> Esperamos que esta pol\u00edtica seja esclarecedora. Se houver d\u00favidas, \u00e9 seguro manter os cookies ativados ao interagir com nosso site.<\/p>\n\n\n\n<p><strong>Data de Vig\u00eancia:<\/strong> Esta pol\u00edtica entra em vigor a partir de Julho\/2023<\/p>\n","protected":false},"excerpt":{"rendered":"<p>Pol\u00edtica de Privacidade POLICON Tecnologia A sua privacidade \u00e9 de extrema import\u00e2ncia para a POLICON Tecnologia. Comprometemo-nos a respeitar a sua privacidade em rela\u00e7\u00e3o a qualquer informa\u00e7\u00e3o pessoal que possamos coletar no site da POLICON Tecnologia e em outros sites associados. Coleta de Informa\u00e7\u00f5es: Solicitamos informa\u00e7\u00f5es pessoais apenas quando estritamente necess\u00e1rio para fornecer servi\u00e7os de [&hellip;]<\/p>\n","protected":false},"author":2,"featured_media":0,"parent":0,"menu_order":0,"comment_status":"closed","ping_status":"closed","template":"","meta":{"_joinchat":[],"footnotes":""},"class_list":["post-1600","page","type-page","status-publish","hentry"],"yoast_head":"<!-- This site is optimized with the Yoast SEO plugin v27.5 - https:\/\/yoast.com\/product\/yoast-seo-wordpress\/ -->\n<title>Pol\u00edtica de Privacidade<\/title>\n<meta name=\"description\" content=\"Pol\u00edtica de Privacidade POLICON TecnologiaA sua privacidade \u00e9 de extrema import\u00e2ncia para a POLICON Tecnologia. Comprometemo-nos a respeitar a sua privacidade em rela\u00e7\u00e3o a qualquer informa\u00e7\u00e3o pessoal que possamos coletar no site da POLICON Tecnologia e em outros sites associados.Coleta de Informa\u00e7\u00f5es:Solicitamos informa\u00e7\u00f5es pessoais apenas quando estritamente necess\u00e1rio para fornecer servi\u00e7os de qualidade. Coletamos essas informa\u00e7\u00f5es de maneira justa e legal, com o seu conhecimento e consentimento. Informamos claramente o motivo da coleta e como as informa\u00e7\u00f5es ser\u00e3o utilizadas.Armazenamento e Seguran\u00e7a:As informa\u00e7\u00f5es coletadas s\u00e3o retidas pelo tempo necess\u00e1rio para fornecer os servi\u00e7os solicitados. Garantimos prote\u00e7\u00e3o adequada contra perda, roubo, acesso n\u00e3o autorizado, divulga\u00e7\u00e3o, c\u00f3pia, uso ou modifica\u00e7\u00e3o n\u00e3o autorizados.Compartilhamento de Informa\u00e7\u00f5es:N\u00e3o compartilhamos informa\u00e7\u00f5es de identifica\u00e7\u00e3o pessoal publicamente ou com terceiros, exceto quando exigido por lei. Ressaltamos que n\u00e3o temos controle sobre sites externos e n\u00e3o nos responsabilizamos por suas pol\u00edticas de privacidade.Op\u00e7\u00e3o de Recusa:Voc\u00ea \u00e9 livre para recusar a fornecer informa\u00e7\u00f5es pessoais, entendendo que, nesse caso, alguns servi\u00e7os podem n\u00e3o estar dispon\u00edveis.Aceita\u00e7\u00e3o das Pr\u00e1ticas de Privacidade:Ao continuar utilizando nosso site, voc\u00ea concorda com nossas pr\u00e1ticas de privacidade e tratamento de informa\u00e7\u00f5es pessoais. Em caso de d\u00favidas sobre o manuseio de dados do usu\u00e1rio, entre em contato conosco.Pol\u00edtica de Cookies POLICON Tecnologia:O que s\u00e3o cookies?Este site utiliza cookies, pequenos arquivos baixados em seu computador, para aprimorar sua experi\u00eancia. Esta p\u00e1gina detalha as informa\u00e7\u00f5es coletadas, o uso e a possibilidade de desativa\u00e7\u00e3o desses cookies.Uso de Cookies:Utilizamos cookies por diversos motivos, incluindo melhorias na experi\u00eancia do usu\u00e1rio. A desativa\u00e7\u00e3o de cookies pode afetar a funcionalidade do site, sendo recomend\u00e1vel mant\u00ea-los ativados, a menos que necess\u00e1rio.Tipos de Cookies:Cookies relacionados \u00e0 conta: Para gerenciamento de inscri\u00e7\u00f5es e administra\u00e7\u00e3o.Cookies relacionados ao login: Facilitam o acesso, lembrando a\u00e7\u00f5es de login.Cookies relacionados a boletins por e-mail: Utilizados para servi\u00e7os de assinatura.Cookies relacionados a pesquisas e formul\u00e1rios: Recordam participa\u00e7\u00e3o em pesquisas e detalhes do usu\u00e1rio.Cookies de prefer\u00eancias do site: Configuram prefer\u00eancias de intera\u00e7\u00e3o.Cookies de Terceiros:Em alguns casos, usamos cookies de terceiros para an\u00e1lises e melhorias cont\u00ednuas.Compromisso do Usu\u00e1rio:O usu\u00e1rio compromete-se a utilizar os conte\u00fados do site de forma adequada, sem atividades ilegais ou prejudiciais.Mais Informa\u00e7\u00f5es:Esperamos que esta pol\u00edtica seja esclarecedora. Se houver d\u00favidas, \u00e9 seguro manter os cookies ativados ao interagir com nosso site.Data de Vig\u00eancia:Esta pol\u00edtica entra em vigor a partir de Julho\/2023\" \/>\n<meta name=\"robots\" content=\"index, follow, max-snippet:-1, max-image-preview:large, max-video-preview:-1\" \/>\n<link rel=\"canonical\" href=\"https:\/\/policontecnologia.com.br\/?page_id=1600\" \/>\n<script type=\"application\/ld+json\" class=\"yoast-schema-graph\">{\"@context\":\"https:\\\/\\\/schema.org\",\"@graph\":[{\"@type\":\"WebPage\",\"@id\":\"https:\\\/\\\/policontecnologia.com.br\\\/?page_id=1600\",\"url\":\"https:\\\/\\\/policontecnologia.com.br\\\/?page_id=1600\",\"name\":\"Pol\u00edtica de Privacidade\",\"isPartOf\":{\"@id\":\"https:\\\/\\\/policontecnologia.com.br\\\/#website\"},\"datePublished\":\"2023-11-23T10:06:57+00:00\",\"dateModified\":\"2023-11-23T10:06:59+00:00\",\"description\":\"Pol\u00edtica de Privacidade POLICON TecnologiaA sua privacidade \u00e9 de extrema import\u00e2ncia para a POLICON Tecnologia. Comprometemo-nos a respeitar a sua privacidade em rela\u00e7\u00e3o a qualquer informa\u00e7\u00e3o pessoal que possamos coletar no site da POLICON Tecnologia e em outros sites associados.Coleta de Informa\u00e7\u00f5es:Solicitamos informa\u00e7\u00f5es pessoais apenas quando estritamente necess\u00e1rio para fornecer servi\u00e7os de qualidade. Coletamos essas informa\u00e7\u00f5es de maneira justa e legal, com o seu conhecimento e consentimento. Informamos claramente o motivo da coleta e como as informa\u00e7\u00f5es ser\u00e3o utilizadas.Armazenamento e Seguran\u00e7a:As informa\u00e7\u00f5es coletadas s\u00e3o retidas pelo tempo necess\u00e1rio para fornecer os servi\u00e7os solicitados. Garantimos prote\u00e7\u00e3o adequada contra perda, roubo, acesso n\u00e3o autorizado, divulga\u00e7\u00e3o, c\u00f3pia, uso ou modifica\u00e7\u00e3o n\u00e3o autorizados.Compartilhamento de Informa\u00e7\u00f5es:N\u00e3o compartilhamos informa\u00e7\u00f5es de identifica\u00e7\u00e3o pessoal publicamente ou com terceiros, exceto quando exigido por lei. Ressaltamos que n\u00e3o temos controle sobre sites externos e n\u00e3o nos responsabilizamos por suas pol\u00edticas de privacidade.Op\u00e7\u00e3o de Recusa:Voc\u00ea \u00e9 livre para recusar a fornecer informa\u00e7\u00f5es pessoais, entendendo que, nesse caso, alguns servi\u00e7os podem n\u00e3o estar dispon\u00edveis.Aceita\u00e7\u00e3o das Pr\u00e1ticas de Privacidade:Ao continuar utilizando nosso site, voc\u00ea concorda com nossas pr\u00e1ticas de privacidade e tratamento de informa\u00e7\u00f5es pessoais. Em caso de d\u00favidas sobre o manuseio de dados do usu\u00e1rio, entre em contato conosco.Pol\u00edtica de Cookies POLICON Tecnologia:O que s\u00e3o cookies?Este site utiliza cookies, pequenos arquivos baixados em seu computador, para aprimorar sua experi\u00eancia. Esta p\u00e1gina detalha as informa\u00e7\u00f5es coletadas, o uso e a possibilidade de desativa\u00e7\u00e3o desses cookies.Uso de Cookies:Utilizamos cookies por diversos motivos, incluindo melhorias na experi\u00eancia do usu\u00e1rio. A desativa\u00e7\u00e3o de cookies pode afetar a funcionalidade do site, sendo recomend\u00e1vel mant\u00ea-los ativados, a menos que necess\u00e1rio.Tipos de Cookies:Cookies relacionados \u00e0 conta: Para gerenciamento de inscri\u00e7\u00f5es e administra\u00e7\u00e3o.Cookies relacionados ao login: Facilitam o acesso, lembrando a\u00e7\u00f5es de login.Cookies relacionados a boletins por e-mail: Utilizados para servi\u00e7os de assinatura.Cookies relacionados a pesquisas e formul\u00e1rios: Recordam participa\u00e7\u00e3o em pesquisas e detalhes do usu\u00e1rio.Cookies de prefer\u00eancias do site: Configuram prefer\u00eancias de intera\u00e7\u00e3o.Cookies de Terceiros:Em alguns casos, usamos cookies de terceiros para an\u00e1lises e melhorias cont\u00ednuas.Compromisso do Usu\u00e1rio:O usu\u00e1rio compromete-se a utilizar os conte\u00fados do site de forma adequada, sem atividades ilegais ou prejudiciais.Mais Informa\u00e7\u00f5es:Esperamos que esta pol\u00edtica seja esclarecedora. Se houver d\u00favidas, \u00e9 seguro manter os cookies ativados ao interagir com nosso site.Data de Vig\u00eancia:Esta pol\u00edtica entra em vigor a partir de Julho\\\/2023\",\"breadcrumb\":{\"@id\":\"https:\\\/\\\/policontecnologia.com.br\\\/?page_id=1600#breadcrumb\"},\"inLanguage\":\"pt-BR\",\"potentialAction\":[{\"@type\":\"ReadAction\",\"target\":[\"https:\\\/\\\/policontecnologia.com.br\\\/?page_id=1600\"]}]},{\"@type\":\"BreadcrumbList\",\"@id\":\"https:\\\/\\\/policontecnologia.com.br\\\/?page_id=1600#breadcrumb\",\"itemListElement\":[{\"@type\":\"ListItem\",\"position\":1,\"name\":\"In\u00edcio\",\"item\":\"https:\\\/\\\/policontecnologia.com.br\\\/\"},{\"@type\":\"ListItem\",\"position\":2,\"name\":\"Pol\u00edtica de Privacidade\"}]},{\"@type\":\"WebSite\",\"@id\":\"https:\\\/\\\/policontecnologia.com.br\\\/#website\",\"url\":\"https:\\\/\\\/policontecnologia.com.br\\\/\",\"name\":\"\",\"description\":\"Excel\u00eancia Em Administra\u00e7\u00e3o P\u00fablica\",\"potentialAction\":[{\"@type\":\"SearchAction\",\"target\":{\"@type\":\"EntryPoint\",\"urlTemplate\":\"https:\\\/\\\/policontecnologia.com.br\\\/?s={search_term_string}\"},\"query-input\":{\"@type\":\"PropertyValueSpecification\",\"valueRequired\":true,\"valueName\":\"search_term_string\"}}],\"inLanguage\":\"pt-BR\"}]}<\/script>\n<!-- \/ Yoast SEO plugin. -->","yoast_head_json":{"title":"Pol\u00edtica de Privacidade","description":"Pol\u00edtica de Privacidade POLICON TecnologiaA sua privacidade \u00e9 de extrema import\u00e2ncia para a POLICON Tecnologia. Comprometemo-nos a respeitar a sua privacidade em rela\u00e7\u00e3o a qualquer informa\u00e7\u00e3o pessoal que possamos coletar no site da POLICON Tecnologia e em outros sites associados.Coleta de Informa\u00e7\u00f5es:Solicitamos informa\u00e7\u00f5es pessoais apenas quando estritamente necess\u00e1rio para fornecer servi\u00e7os de qualidade. Coletamos essas informa\u00e7\u00f5es de maneira justa e legal, com o seu conhecimento e consentimento. Informamos claramente o motivo da coleta e como as informa\u00e7\u00f5es ser\u00e3o utilizadas.Armazenamento e Seguran\u00e7a:As informa\u00e7\u00f5es coletadas s\u00e3o retidas pelo tempo necess\u00e1rio para fornecer os servi\u00e7os solicitados. Garantimos prote\u00e7\u00e3o adequada contra perda, roubo, acesso n\u00e3o autorizado, divulga\u00e7\u00e3o, c\u00f3pia, uso ou modifica\u00e7\u00e3o n\u00e3o autorizados.Compartilhamento de Informa\u00e7\u00f5es:N\u00e3o compartilhamos informa\u00e7\u00f5es de identifica\u00e7\u00e3o pessoal publicamente ou com terceiros, exceto quando exigido por lei. Ressaltamos que n\u00e3o temos controle sobre sites externos e n\u00e3o nos responsabilizamos por suas pol\u00edticas de privacidade.Op\u00e7\u00e3o de Recusa:Voc\u00ea \u00e9 livre para recusar a fornecer informa\u00e7\u00f5es pessoais, entendendo que, nesse caso, alguns servi\u00e7os podem n\u00e3o estar dispon\u00edveis.Aceita\u00e7\u00e3o das Pr\u00e1ticas de Privacidade:Ao continuar utilizando nosso site, voc\u00ea concorda com nossas pr\u00e1ticas de privacidade e tratamento de informa\u00e7\u00f5es pessoais. Em caso de d\u00favidas sobre o manuseio de dados do usu\u00e1rio, entre em contato conosco.Pol\u00edtica de Cookies POLICON Tecnologia:O que s\u00e3o cookies?Este site utiliza cookies, pequenos arquivos baixados em seu computador, para aprimorar sua experi\u00eancia. Esta p\u00e1gina detalha as informa\u00e7\u00f5es coletadas, o uso e a possibilidade de desativa\u00e7\u00e3o desses cookies.Uso de Cookies:Utilizamos cookies por diversos motivos, incluindo melhorias na experi\u00eancia do usu\u00e1rio. A desativa\u00e7\u00e3o de cookies pode afetar a funcionalidade do site, sendo recomend\u00e1vel mant\u00ea-los ativados, a menos que necess\u00e1rio.Tipos de Cookies:Cookies relacionados \u00e0 conta: Para gerenciamento de inscri\u00e7\u00f5es e administra\u00e7\u00e3o.Cookies relacionados ao login: Facilitam o acesso, lembrando a\u00e7\u00f5es de login.Cookies relacionados a boletins por e-mail: Utilizados para servi\u00e7os de assinatura.Cookies relacionados a pesquisas e formul\u00e1rios: Recordam participa\u00e7\u00e3o em pesquisas e detalhes do usu\u00e1rio.Cookies de prefer\u00eancias do site: Configuram prefer\u00eancias de intera\u00e7\u00e3o.Cookies de Terceiros:Em alguns casos, usamos cookies de terceiros para an\u00e1lises e melhorias cont\u00ednuas.Compromisso do Usu\u00e1rio:O usu\u00e1rio compromete-se a utilizar os conte\u00fados do site de forma adequada, sem atividades ilegais ou prejudiciais.Mais Informa\u00e7\u00f5es:Esperamos que esta pol\u00edtica seja esclarecedora. Se houver d\u00favidas, \u00e9 seguro manter os cookies ativados ao interagir com nosso site.Data de Vig\u00eancia:Esta pol\u00edtica entra em vigor a partir de Julho\/2023","robots":{"index":"index","follow":"follow","max-snippet":"max-snippet:-1","max-image-preview":"max-image-preview:large","max-video-preview":"max-video-preview:-1"},"canonical":"https:\/\/policontecnologia.com.br\/?page_id=1600","schema":{"@context":"https:\/\/schema.org","@graph":[{"@type":"WebPage","@id":"https:\/\/policontecnologia.com.br\/?page_id=1600","url":"https:\/\/policontecnologia.com.br\/?page_id=1600","name":"Pol\u00edtica de Privacidade","isPartOf":{"@id":"https:\/\/policontecnologia.com.br\/#website"},"datePublished":"2023-11-23T10:06:57+00:00","dateModified":"2023-11-23T10:06:59+00:00","description":"Pol\u00edtica de Privacidade POLICON TecnologiaA sua privacidade \u00e9 de extrema import\u00e2ncia para a POLICON Tecnologia. Comprometemo-nos a respeitar a sua privacidade em rela\u00e7\u00e3o a qualquer informa\u00e7\u00e3o pessoal que possamos coletar no site da POLICON Tecnologia e em outros sites associados.Coleta de Informa\u00e7\u00f5es:Solicitamos informa\u00e7\u00f5es pessoais apenas quando estritamente necess\u00e1rio para fornecer servi\u00e7os de qualidade. Coletamos essas informa\u00e7\u00f5es de maneira justa e legal, com o seu conhecimento e consentimento. Informamos claramente o motivo da coleta e como as informa\u00e7\u00f5es ser\u00e3o utilizadas.Armazenamento e Seguran\u00e7a:As informa\u00e7\u00f5es coletadas s\u00e3o retidas pelo tempo necess\u00e1rio para fornecer os servi\u00e7os solicitados. Garantimos prote\u00e7\u00e3o adequada contra perda, roubo, acesso n\u00e3o autorizado, divulga\u00e7\u00e3o, c\u00f3pia, uso ou modifica\u00e7\u00e3o n\u00e3o autorizados.Compartilhamento de Informa\u00e7\u00f5es:N\u00e3o compartilhamos informa\u00e7\u00f5es de identifica\u00e7\u00e3o pessoal publicamente ou com terceiros, exceto quando exigido por lei. Ressaltamos que n\u00e3o temos controle sobre sites externos e n\u00e3o nos responsabilizamos por suas pol\u00edticas de privacidade.Op\u00e7\u00e3o de Recusa:Voc\u00ea \u00e9 livre para recusar a fornecer informa\u00e7\u00f5es pessoais, entendendo que, nesse caso, alguns servi\u00e7os podem n\u00e3o estar dispon\u00edveis.Aceita\u00e7\u00e3o das Pr\u00e1ticas de Privacidade:Ao continuar utilizando nosso site, voc\u00ea concorda com nossas pr\u00e1ticas de privacidade e tratamento de informa\u00e7\u00f5es pessoais. Em caso de d\u00favidas sobre o manuseio de dados do usu\u00e1rio, entre em contato conosco.Pol\u00edtica de Cookies POLICON Tecnologia:O que s\u00e3o cookies?Este site utiliza cookies, pequenos arquivos baixados em seu computador, para aprimorar sua experi\u00eancia. Esta p\u00e1gina detalha as informa\u00e7\u00f5es coletadas, o uso e a possibilidade de desativa\u00e7\u00e3o desses cookies.Uso de Cookies:Utilizamos cookies por diversos motivos, incluindo melhorias na experi\u00eancia do usu\u00e1rio. A desativa\u00e7\u00e3o de cookies pode afetar a funcionalidade do site, sendo recomend\u00e1vel mant\u00ea-los ativados, a menos que necess\u00e1rio.Tipos de Cookies:Cookies relacionados \u00e0 conta: Para gerenciamento de inscri\u00e7\u00f5es e administra\u00e7\u00e3o.Cookies relacionados ao login: Facilitam o acesso, lembrando a\u00e7\u00f5es de login.Cookies relacionados a boletins por e-mail: Utilizados para servi\u00e7os de assinatura.Cookies relacionados a pesquisas e formul\u00e1rios: Recordam participa\u00e7\u00e3o em pesquisas e detalhes do usu\u00e1rio.Cookies de prefer\u00eancias do site: Configuram prefer\u00eancias de intera\u00e7\u00e3o.Cookies de Terceiros:Em alguns casos, usamos cookies de terceiros para an\u00e1lises e melhorias cont\u00ednuas.Compromisso do Usu\u00e1rio:O usu\u00e1rio compromete-se a utilizar os conte\u00fados do site de forma adequada, sem atividades ilegais ou prejudiciais.Mais Informa\u00e7\u00f5es:Esperamos que esta pol\u00edtica seja esclarecedora. Se houver d\u00favidas, \u00e9 seguro manter os cookies ativados ao interagir com nosso site.Data de Vig\u00eancia:Esta pol\u00edtica entra em vigor a partir de Julho\/2023","breadcrumb":{"@id":"https:\/\/policontecnologia.com.br\/?page_id=1600#breadcrumb"},"inLanguage":"pt-BR","potentialAction":[{"@type":"ReadAction","target":["https:\/\/policontecnologia.com.br\/?page_id=1600"]}]},{"@type":"BreadcrumbList","@id":"https:\/\/policontecnologia.com.br\/?page_id=1600#breadcrumb","itemListElement":[{"@type":"ListItem","position":1,"name":"In\u00edcio","item":"https:\/\/policontecnologia.com.br\/"},{"@type":"ListItem","position":2,"name":"Pol\u00edtica de Privacidade"}]},{"@type":"WebSite","@id":"https:\/\/policontecnologia.com.br\/#website","url":"https:\/\/policontecnologia.com.br\/","name":"","description":"Excel\u00eancia Em Administra\u00e7\u00e3o P\u00fablica","potentialAction":[{"@type":"SearchAction","target":{"@type":"EntryPoint","urlTemplate":"https:\/\/policontecnologia.com.br\/?s={search_term_string}"},"query-input":{"@type":"PropertyValueSpecification","valueRequired":true,"valueName":"search_term_string"}}],"inLanguage":"pt-BR"}]}},"_links":{"self":[{"href":"https:\/\/policontecnologia.com.br\/index.php?rest_route=\/wp\/v2\/pages\/1600","targetHints":{"allow":["GET"]}}],"collection":[{"href":"https:\/\/policontecnologia.com.br\/index.php?rest_route=\/wp\/v2\/pages"}],"about":[{"href":"https:\/\/policontecnologia.com.br\/index.php?rest_route=\/wp\/v2\/types\/page"}],"author":[{"embeddable":true,"href":"https:\/\/policontecnologia.com.br\/index.php?rest_route=\/wp\/v2\/users\/2"}],"replies":[{"embeddable":true,"href":"https:\/\/policontecnologia.com.br\/index.php?rest_route=%2Fwp%2Fv2%2Fcomments&post=1600"}],"version-history":[{"count":1,"href":"https:\/\/policontecnologia.com.br\/index.php?rest_route=\/wp\/v2\/pages\/1600\/revisions"}],"predecessor-version":[{"id":1602,"href":"https:\/\/policontecnologia.com.br\/index.php?rest_route=\/wp\/v2\/pages\/1600\/revisions\/1602"}],"wp:attachment":[{"href":"https:\/\/policontecnologia.com.br\/index.php?rest_route=%2Fwp%2Fv2%2Fmedia&parent=1600"}],"curies":[{"name":"wp","href":"https:\/\/api.w.org\/{rel}","templated":true}]}}